{"id":10,"date":"2022-04-28T16:41:52","date_gmt":"2022-04-28T14:41:52","guid":{"rendered":"https:\/\/www.lordem.sk\/memories\/index.php\/moj-ucet\/"},"modified":"2022-04-28T16:41:52","modified_gmt":"2022-04-28T14:41:52","slug":"moj-ucet","status":"publish","type":"page","link":"https:\/\/www.lordem.sk\/memories\/moj-ucet\/","title":{"rendered":"M\u00f4j \u00fa\u010det"},"content":{"rendered":"<div class=\"woocommerce\"><\/div>\n","protected":false},"excerpt":{"rendered":"","protected":false},"author":1,"featured_media":0,"parent":0,"menu_order":0,"comment_status":"closed","ping_status":"closed","template":"","meta":{"footnotes":""},"class_list":["post-10","page","type-page","status-publish","hentry"],"yoast_head":"<!-- This site is optimized with the Yoast SEO plugin v27.4 - https:\/\/yoast.com\/product\/yoast-seo-wordpress\/ -->\n<title>M\u00f4j \u00fa\u010det - Memories<\/title>\n<meta name=\"robots\" content=\"index, follow, max-snippet:-1, max-image-preview:large, max-video-preview:-1\" \/>\n<link rel=\"canonical\" href=\"https:\/\/www.lordem.sk\/memories\/moj-ucet\/\" \/>\n<meta property=\"og:locale\" content=\"sk_SK\" \/>\n<meta property=\"og:type\" content=\"article\" \/>\n<meta property=\"og:title\" content=\"M\u00f4j \u00fa\u010det - Memories\" \/>\n<meta property=\"og:url\" content=\"https:\/\/www.lordem.sk\/memories\/moj-ucet\/\" \/>\n<meta property=\"og:site_name\" content=\"Memories\" \/>\n<meta property=\"article:publisher\" content=\"https:\/\/www.facebook.com\/profile.php?id=100083363835959\" \/>\n<meta name=\"twitter:card\" content=\"summary_large_image\" \/>\n<script type=\"application\/ld+json\" class=\"yoast-schema-graph\">{\"@context\":\"https:\\\/\\\/schema.org\",\"@graph\":[{\"@type\":\"WebPage\",\"@id\":\"https:\\\/\\\/www.lordem.sk\\\/memories\\\/moj-ucet\\\/\",\"url\":\"https:\\\/\\\/www.lordem.sk\\\/memories\\\/moj-ucet\\\/\",\"name\":\"M\u00f4j \u00fa\u010det - Memories\",\"isPartOf\":{\"@id\":\"https:\\\/\\\/www.lordem.sk\\\/memories\\\/#website\"},\"datePublished\":\"2022-04-28T14:41:52+00:00\",\"breadcrumb\":{\"@id\":\"https:\\\/\\\/www.lordem.sk\\\/memories\\\/moj-ucet\\\/#breadcrumb\"},\"inLanguage\":\"sk-SK\",\"potentialAction\":[{\"@type\":\"ReadAction\",\"target\":[\"https:\\\/\\\/www.lordem.sk\\\/memories\\\/moj-ucet\\\/\"]}]},{\"@type\":\"BreadcrumbList\",\"@id\":\"https:\\\/\\\/www.lordem.sk\\\/memories\\\/moj-ucet\\\/#breadcrumb\",\"itemListElement\":[{\"@type\":\"ListItem\",\"position\":1,\"name\":\"Home\",\"item\":\"https:\\\/\\\/www.lordem.sk\\\/memories\\\/\"},{\"@type\":\"ListItem\",\"position\":2,\"name\":\"M\u00f4j \u00fa\u010det\"}]},{\"@type\":\"WebSite\",\"@id\":\"https:\\\/\\\/www.lordem.sk\\\/memories\\\/#website\",\"url\":\"https:\\\/\\\/www.lordem.sk\\\/memories\\\/\",\"name\":\"Memories\",\"description\":\"Nezab\u00fadajme a v dobrom spom\u00ednajme\",\"publisher\":{\"@id\":\"https:\\\/\\\/www.lordem.sk\\\/memories\\\/#organization\"},\"potentialAction\":[{\"@type\":\"SearchAction\",\"target\":{\"@type\":\"EntryPoint\",\"urlTemplate\":\"https:\\\/\\\/www.lordem.sk\\\/memories\\\/?s={search_term_string}\"},\"query-input\":{\"@type\":\"PropertyValueSpecification\",\"valueRequired\":true,\"valueName\":\"search_term_string\"}}],\"inLanguage\":\"sk-SK\"},{\"@type\":\"Organization\",\"@id\":\"https:\\\/\\\/www.lordem.sk\\\/memories\\\/#organization\",\"name\":\"Lordem s.r.o.\",\"url\":\"https:\\\/\\\/www.lordem.sk\\\/memories\\\/\",\"logo\":{\"@type\":\"ImageObject\",\"inLanguage\":\"sk-SK\",\"@id\":\"https:\\\/\\\/www.lordem.sk\\\/memories\\\/#\\\/schema\\\/logo\\\/image\\\/\",\"url\":\"https:\\\/\\\/i0.wp.com\\\/www.lordem.sk\\\/memories\\\/wp-content\\\/uploads\\\/2023\\\/06\\\/Lordem-memories_2_2-e1693607356981.png?fit=100%2C37&ssl=1\",\"contentUrl\":\"https:\\\/\\\/i0.wp.com\\\/www.lordem.sk\\\/memories\\\/wp-content\\\/uploads\\\/2023\\\/06\\\/Lordem-memories_2_2-e1693607356981.png?fit=100%2C37&ssl=1\",\"width\":100,\"height\":37,\"caption\":\"Lordem s.r.o.\"},\"image\":{\"@id\":\"https:\\\/\\\/www.lordem.sk\\\/memories\\\/#\\\/schema\\\/logo\\\/image\\\/\"},\"sameAs\":[\"https:\\\/\\\/www.facebook.com\\\/profile.php?id=100083363835959\"]}]}<\/script>\n<!-- \/ Yoast SEO plugin. -->","yoast_head_json":{"title":"M\u00f4j \u00fa\u010det - Memories","robots":{"index":"index","follow":"follow","max-snippet":"max-snippet:-1","max-image-preview":"max-image-preview:large","max-video-preview":"max-video-preview:-1"},"canonical":"https:\/\/www.lordem.sk\/memories\/moj-ucet\/","og_locale":"sk_SK","og_type":"article","og_title":"M\u00f4j \u00fa\u010det - Memories","og_url":"https:\/\/www.lordem.sk\/memories\/moj-ucet\/","og_site_name":"Memories","article_publisher":"https:\/\/www.facebook.com\/profile.php?id=100083363835959","twitter_card":"summary_large_image","schema":{"@context":"https:\/\/schema.org","@graph":[{"@type":"WebPage","@id":"https:\/\/www.lordem.sk\/memories\/moj-ucet\/","url":"https:\/\/www.lordem.sk\/memories\/moj-ucet\/","name":"M\u00f4j \u00fa\u010det - Memories","isPartOf":{"@id":"https:\/\/www.lordem.sk\/memories\/#website"},"datePublished":"2022-04-28T14:41:52+00:00","breadcrumb":{"@id":"https:\/\/www.lordem.sk\/memories\/moj-ucet\/#breadcrumb"},"inLanguage":"sk-SK","potentialAction":[{"@type":"ReadAction","target":["https:\/\/www.lordem.sk\/memories\/moj-ucet\/"]}]},{"@type":"BreadcrumbList","@id":"https:\/\/www.lordem.sk\/memories\/moj-ucet\/#breadcrumb","itemListElement":[{"@type":"ListItem","position":1,"name":"Home","item":"https:\/\/www.lordem.sk\/memories\/"},{"@type":"ListItem","position":2,"name":"M\u00f4j \u00fa\u010det"}]},{"@type":"WebSite","@id":"https:\/\/www.lordem.sk\/memories\/#website","url":"https:\/\/www.lordem.sk\/memories\/","name":"Memories","description":"Nezab\u00fadajme a v dobrom spom\u00ednajme","publisher":{"@id":"https:\/\/www.lordem.sk\/memories\/#organization"},"potentialAction":[{"@type":"SearchAction","target":{"@type":"EntryPoint","urlTemplate":"https:\/\/www.lordem.sk\/memories\/?s={search_term_string}"},"query-input":{"@type":"PropertyValueSpecification","valueRequired":true,"valueName":"search_term_string"}}],"inLanguage":"sk-SK"},{"@type":"Organization","@id":"https:\/\/www.lordem.sk\/memories\/#organization","name":"Lordem s.r.o.","url":"https:\/\/www.lordem.sk\/memories\/","logo":{"@type":"ImageObject","inLanguage":"sk-SK","@id":"https:\/\/www.lordem.sk\/memories\/#\/schema\/logo\/image\/","url":"https:\/\/i0.wp.com\/www.lordem.sk\/memories\/wp-content\/uploads\/2023\/06\/Lordem-memories_2_2-e1693607356981.png?fit=100%2C37&ssl=1","contentUrl":"https:\/\/i0.wp.com\/www.lordem.sk\/memories\/wp-content\/uploads\/2023\/06\/Lordem-memories_2_2-e1693607356981.png?fit=100%2C37&ssl=1","width":100,"height":37,"caption":"Lordem s.r.o."},"image":{"@id":"https:\/\/www.lordem.sk\/memories\/#\/schema\/logo\/image\/"},"sameAs":["https:\/\/www.facebook.com\/profile.php?id=100083363835959"]}]}},"_links":{"self":[{"href":"https:\/\/www.lordem.sk\/memories\/wp-json\/wp\/v2\/pages\/10","targetHints":{"allow":["GET"]}}],"collection":[{"href":"https:\/\/www.lordem.sk\/memories\/wp-json\/wp\/v2\/pages"}],"about":[{"href":"https:\/\/www.lordem.sk\/memories\/wp-json\/wp\/v2\/types\/page"}],"author":[{"embeddable":true,"href":"https:\/\/www.lordem.sk\/memories\/wp-json\/wp\/v2\/users\/1"}],"replies":[{"embeddable":true,"href":"https:\/\/www.lordem.sk\/memories\/wp-json\/wp\/v2\/comments?post=10"}],"version-history":[{"count":0,"href":"https:\/\/www.lordem.sk\/memories\/wp-json\/wp\/v2\/pages\/10\/revisions"}],"wp:attachment":[{"href":"https:\/\/www.lordem.sk\/memories\/wp-json\/wp\/v2\/media?parent=10"}],"curies":[{"name":"wp","href":"https:\/\/api.w.org\/{rel}","templated":true}]}}